{"id":9,"date":"2017-03-28T13:53:27","date_gmt":"2017-03-28T16:53:27","guid":{"rendered":"http:\/\/webapp388536.ip-198-58-123-167.cloudezapp.io\/emporiodetrocas\/?page_id=9"},"modified":"2025-08-06T08:58:11","modified_gmt":"2025-08-06T11:58:11","slug":"como-funciona","status":"publish","type":"page","link":"https:\/\/cefsa.org.br\/emporiodetrocas\/?page_id=9","title":{"rendered":"COMO FUNCIONA"},"content":{"rendered":"<p><img loading=\"lazy\" decoding=\"async\" class=\"aligncenter wp-image-483\" src=\"https:\/\/cefsa.org.br\/emporiodetrocas\/wp-content\/uploads\/2024\/07\/emporio-foto-geral-1024x357.jpg\" alt=\"\" width=\"1363\" height=\"475\" srcset=\"https:\/\/cefsa.org.br\/emporiodetrocas\/wp-content\/uploads\/2024\/07\/emporio-foto-geral-1024x357.jpg 1024w, https:\/\/cefsa.org.br\/emporiodetrocas\/wp-content\/uploads\/2024\/07\/emporio-foto-geral-300x104.jpg 300w, https:\/\/cefsa.org.br\/emporiodetrocas\/wp-content\/uploads\/2024\/07\/emporio-foto-geral-768x267.jpg 768w, https:\/\/cefsa.org.br\/emporiodetrocas\/wp-content\/uploads\/2024\/07\/emporio-foto-geral-1536x535.jpg 1536w, https:\/\/cefsa.org.br\/emporiodetrocas\/wp-content\/uploads\/2024\/07\/emporio-foto-geral-2048x713.jpg 2048w, https:\/\/cefsa.org.br\/emporiodetrocas\/wp-content\/uploads\/2024\/07\/emporio-foto-geral-230x80.jpg 230w\" sizes=\"auto, (max-width: 1363px) 100vw, 1363px\" \/><\/p>\n<p>O <strong>EMP\u00d3RIO DE TROCAS<\/strong> \u00e9 um projeto que incentiva a <strong>DOA\u00c7\u00c3O e TROCA<\/strong> de uniformes entre os alunos do CEFSA, mediado pelo setor de Disciplina. O objetivo \u00e9 promover o altru\u00edsmo atrav\u00e9s das doa\u00e7\u00f5es, al\u00e9m de oferecer a possibilidade de troca de uniformes em bom estado por outro tamanho ou outra pe\u00e7a.<\/p>\n<p><strong>Para doa\u00e7\u00e3o:<\/strong> O aluno pode doar uniformes em bom estado para o Emp\u00f3rio. \u00c9 feita uma avalia\u00e7\u00e3o das pe\u00e7as e, caso estejam em bom estado de conserva\u00e7\u00e3o, o uniforme \u00e9 armazenado e disponibilizado para troca.<\/p>\n<p><strong>Para troca:<\/strong> O interessado em adquirir um uniforme usado dever\u00e1 entrar em contato com um inspetor de Disciplina e realizar a troca de acordo com o procedimento.<\/p>\n<ul>\n<li>Uniformes em bom estado podem ser doados pelos alunos.<\/li>\n<li>As pe\u00e7as s\u00e3o avaliadas por um inspetor respons\u00e1vel e disponibilizadas para troca.<\/li>\n<li>O interessado deve entrar em contato com o setor de Disciplina.<\/li>\n<\/ul>\n<p style=\"text-align: center;\"><strong>Procedimento atual de troca:<br \/>\n<\/strong>1 pe\u00e7a do Emp\u00f3rio = 1 pe\u00e7a de uniforme em bom estado <strong>ou <\/strong>1 pacote de folha sulfite (100 folhas)<\/p>\n<p><strong>Fa\u00e7a Parte!<\/strong><\/p>\n<p>Colabore com essa iniciativa que beneficia nossa comunidade e fortalece o cuidado com o pr\u00f3ximo e com o meio ambiente.<br \/>\nD\u00favidas? Entre em <a href=\"https:\/\/cefsa.org.br\/emporiodetrocas\/?page_id=506\" target=\"_blank\" rel=\"noopener\">contato<\/a> com o setor de Disciplina.<\/p>\n","protected":false},"excerpt":{"rendered":"<p>O EMP\u00d3RIO DE TROCAS \u00e9 um projeto que incentiva a DOA\u00c7\u00c3O e TROCA de uniformes entre os alunos do CEFSA, mediado pelo setor de Disciplina. O objetivo \u00e9 promover o altru\u00edsmo atrav\u00e9s das doa\u00e7\u00f5es, al\u00e9m de oferecer a possibilidade de troca de uniformes em bom estado por outro tamanho ou&#8230;<\/p>\n","protected":false},"author":3,"featured_media":0,"parent":0,"menu_order":0,"comment_status":"closed","ping_status":"closed","template":"","meta":{"_acf_changed":false,"footnotes":""},"class_list":["post-9","page","type-page","status-publish","hentry"],"acf":[],"_links":{"self":[{"href":"https:\/\/cefsa.org.br\/emporiodetrocas\/index.php?rest_route=\/wp\/v2\/pages\/9","targetHints":{"allow":["GET"]}}],"collection":[{"href":"https:\/\/cefsa.org.br\/emporiodetrocas\/index.php?rest_route=\/wp\/v2\/pages"}],"about":[{"href":"https:\/\/cefsa.org.br\/emporiodetrocas\/index.php?rest_route=\/wp\/v2\/types\/page"}],"author":[{"embeddable":true,"href":"https:\/\/cefsa.org.br\/emporiodetrocas\/index.php?rest_route=\/wp\/v2\/users\/3"}],"replies":[{"embeddable":true,"href":"https:\/\/cefsa.org.br\/emporiodetrocas\/index.php?rest_route=%2Fwp%2Fv2%2Fcomments&post=9"}],"version-history":[{"count":0,"href":"https:\/\/cefsa.org.br\/emporiodetrocas\/index.php?rest_route=\/wp\/v2\/pages\/9\/revisions"}],"wp:attachment":[{"href":"https:\/\/cefsa.org.br\/emporiodetrocas\/index.php?rest_route=%2Fwp%2Fv2%2Fmedia&parent=9"}],"curies":[{"name":"wp","href":"https:\/\/api.w.org\/{rel}","templated":true}]}}