{"id":506,"date":"2025-08-06T08:54:07","date_gmt":"2025-08-06T11:54:07","guid":{"rendered":"https:\/\/cefsa.org.br\/emporiodetrocas\/?page_id=506"},"modified":"2025-09-18T16:03:59","modified_gmt":"2025-09-18T19:03:59","slug":"contato","status":"publish","type":"page","link":"https:\/\/cefsa.org.br\/emporiodetrocas\/?page_id=506","title":{"rendered":"CONTATO"},"content":{"rendered":"<p><strong>Quem Cuida<\/strong><\/p>\n<p>O setor de Disciplina organiza campanhas de doa\u00e7\u00e3o ao final de cada semestre ou ano letivo, al\u00e9m de administrar o Emp\u00f3rio e manter os dados atualizados para acesso da comunidade via portal ou atendimento presencial. As trocas s\u00e3o realizadas diretamente no CEFSA. Em caso de d\u00favidas, entre em contato atrav\u00e9s do telefone 4359-6565 ou pelo e-mail <a href=\"mailto:emporio@cefsa.edu.br\">emporio@cefsa.edu.br<\/a>.<\/p>\n<p><strong>Atendimento via Agenda Escolar<\/strong><\/p>\n<ul>\n<li>A solicita\u00e7\u00e3o \u00e9 feita pelo respons\u00e1vel via agenda escolar.<\/li>\n<li>O inspetor verifica disponibilidade e envia em at\u00e9 1 semana.<\/li>\n<li>A entrega \u00e9 realizada pelo aluno diretamente ao inspetor respons\u00e1vel.<\/li>\n<\/ul>\n<p><strong>Atendimento Presencial<\/strong><\/p>\n<p><strong>Local:<\/strong> Emp\u00f3rio de Trocas (Portaria do CEFSA)<br \/>\n<b>Hor\u00e1rios: <\/b>segundas-feiras, das 8h30 \u00e0s 9h30, e quintas-feiras, das 14h \u00e0s 15h<br \/>\n<strong>Atualiza\u00e7\u00f5es semanais no portal<\/strong>: toda sexta-feira<\/p>\n","protected":false},"excerpt":{"rendered":"<p>Quem Cuida O setor de Disciplina organiza campanhas de doa\u00e7\u00e3o ao final de cada semestre ou ano letivo, al\u00e9m de administrar o Emp\u00f3rio e manter os dados atualizados para acesso da comunidade via portal ou atendimento presencial. As trocas s\u00e3o realizadas diretamente no CEFSA. Em caso de d\u00favidas, entre em&#8230;<\/p>\n","protected":false},"author":3,"featured_media":0,"parent":0,"menu_order":0,"comment_status":"closed","ping_status":"closed","template":"","meta":{"_acf_changed":false,"footnotes":""},"class_list":["post-506","page","type-page","status-publish","hentry"],"acf":[],"_links":{"self":[{"href":"https:\/\/cefsa.org.br\/emporiodetrocas\/index.php?rest_route=\/wp\/v2\/pages\/506","targetHints":{"allow":["GET"]}}],"collection":[{"href":"https:\/\/cefsa.org.br\/emporiodetrocas\/index.php?rest_route=\/wp\/v2\/pages"}],"about":[{"href":"https:\/\/cefsa.org.br\/emporiodetrocas\/index.php?rest_route=\/wp\/v2\/types\/page"}],"author":[{"embeddable":true,"href":"https:\/\/cefsa.org.br\/emporiodetrocas\/index.php?rest_route=\/wp\/v2\/users\/3"}],"replies":[{"embeddable":true,"href":"https:\/\/cefsa.org.br\/emporiodetrocas\/index.php?rest_route=%2Fwp%2Fv2%2Fcomments&post=506"}],"version-history":[{"count":1,"href":"https:\/\/cefsa.org.br\/emporiodetrocas\/index.php?rest_route=\/wp\/v2\/pages\/506\/revisions"}],"predecessor-version":[{"id":535,"href":"https:\/\/cefsa.org.br\/emporiodetrocas\/index.php?rest_route=\/wp\/v2\/pages\/506\/revisions\/535"}],"wp:attachment":[{"href":"https:\/\/cefsa.org.br\/emporiodetrocas\/index.php?rest_route=%2Fwp%2Fv2%2Fmedia&parent=506"}],"curies":[{"name":"wp","href":"https:\/\/api.w.org\/{rel}","templated":true}]}}