{"id":373,"date":"2019-05-30T08:40:17","date_gmt":"2019-05-30T11:40:17","guid":{"rendered":"http:\/\/webapp388536.ip-198-58-123-167.cloudezapp.io\/crescendojuntos\/?page_id=373"},"modified":"2023-02-22T15:11:17","modified_gmt":"2023-02-22T18:11:17","slug":"contato","status":"publish","type":"page","link":"https:\/\/cefsa.org.br\/crescendojuntos\/contato\/","title":{"rendered":"Contato"},"content":{"rendered":"\n<p>O <strong>Crescendo Juntos<\/strong> \u00e9 um blog colaborativo com textos escritos pelos alunos do Centro Educacional da Funda\u00e7\u00e3o Salvador Arena &#8211; Col\u00e9gio Engenheiro Salvador Arena e Faculdade Engenheiro Salvador Arena.<\/p>\n\n\n\n<p>Se voc\u00ea tem alguma d\u00favida, cr\u00edtica ou sugest\u00e3o, entre em contato conosco pelo e-mail: <a href=\"mailto:crescendojuntos@cefsa.edu.br\">crescendojuntos@cefsa.edu.br<\/a><\/p>\n\n\n\n<p><\/p>\n","protected":false},"excerpt":{"rendered":"<p>O Crescendo Juntos \u00e9 um blog colaborativo com textos escritos pelos alunos do Centro Educacional da Funda\u00e7\u00e3o Salvador Arena &#8211; Col\u00e9gio Engenheiro Salvador Arena e Faculdade Engenheiro Salvador Arena. Se voc\u00ea tem alguma d\u00favida, cr\u00edtica ou sugest\u00e3o, entre em contato&#8230;<\/p>\n","protected":false},"author":3,"featured_media":1281,"parent":0,"menu_order":0,"comment_status":"closed","ping_status":"closed","template":"","meta":{"footnotes":""},"class_list":["post-373","page","type-page","status-publish","has-post-thumbnail","hentry"],"_links":{"self":[{"href":"https:\/\/cefsa.org.br\/crescendojuntos\/wp-json\/wp\/v2\/pages\/373","targetHints":{"allow":["GET"]}}],"collection":[{"href":"https:\/\/cefsa.org.br\/crescendojuntos\/wp-json\/wp\/v2\/pages"}],"about":[{"href":"https:\/\/cefsa.org.br\/crescendojuntos\/wp-json\/wp\/v2\/types\/page"}],"author":[{"embeddable":true,"href":"https:\/\/cefsa.org.br\/crescendojuntos\/wp-json\/wp\/v2\/users\/3"}],"replies":[{"embeddable":true,"href":"https:\/\/cefsa.org.br\/crescendojuntos\/wp-json\/wp\/v2\/comments?post=373"}],"version-history":[{"count":0,"href":"https:\/\/cefsa.org.br\/crescendojuntos\/wp-json\/wp\/v2\/pages\/373\/revisions"}],"wp:featuredmedia":[{"embeddable":true,"href":"https:\/\/cefsa.org.br\/crescendojuntos\/wp-json\/wp\/v2\/media\/1281"}],"wp:attachment":[{"href":"https:\/\/cefsa.org.br\/crescendojuntos\/wp-json\/wp\/v2\/media?parent=373"}],"curies":[{"name":"wp","href":"https:\/\/api.w.org\/{rel}","templated":true}]}}